{"id":593,"date":"2017-12-13T08:37:50","date_gmt":"2017-12-13T08:37:50","guid":{"rendered":"https:\/\/www.germanfarias.com\/about-me\/"},"modified":"2026-01-30T11:56:28","modified_gmt":"2026-01-30T10:56:28","slug":"about-me","status":"publish","type":"page","link":"http:\/\/www.germanfarias.com\/?page_id=593","title":{"rendered":"About Me"},"content":{"rendered":"\t\t<div data-elementor-type=\"wp-post\" data-elementor-id=\"593\" class=\"elementor elementor-593\">\n\t\t\t\t\t\t<section class=\"elementor-section elementor-top-section elementor-element elementor-element-24d6c2e elementor-section-boxed elementor-section-height-default elementor-section-height-default elementor-invisible\" data-id=\"24d6c2e\" data-element_type=\"section\" data-settings=\"{&quot;background_background&quot;:&quot;video&quot;,&quot;background_video_link&quot;:&quot;https:\\\/\\\/www.youtube.com\\\/watch?v=3-SM4uJyyqU&quot;,&quot;background_video_start&quot;:6,&quot;background_play_on_mobile&quot;:&quot;yes&quot;,&quot;animation&quot;:&quot;fadeIn&quot;}\">\n\t\t\t\t\t\t\t\t<div class=\"elementor-background-video-container\">\n\t\t\t\t\t\t\t\t\t\t\t\t\t<div class=\"elementor-background-video-embed\"><\/div>\n\t\t\t\t\t\t\t\t\t\t\t\t<\/div>\n\t\t\t\t\t\t\t\t<div class=\"elementor-container elementor-column-gap-default\">\n\t\t\t\t\t<div class=\"elementor-column elementor-col-100 elementor-top-column elementor-element elementor-element-cf1ea94\" data-id=\"cf1ea94\" data-element_type=\"column\">\n\t\t\t<div class=\"elementor-widget-wrap\">\n\t\t\t\t\t\t\t<\/div>\n\t\t<\/div>\n\t\t\t\t\t<\/div>\n\t\t<\/section>\n\t\t\t\t<section class=\"elementor-section elementor-top-section elementor-element elementor-element-1582c1f elementor-section-boxed elementor-section-height-default elementor-section-height-default\" data-id=\"1582c1f\" data-element_type=\"section\" data-settings=\"{&quot;background_background&quot;:&quot;gradient&quot;}\">\n\t\t\t\t\t\t<div class=\"elementor-container elementor-column-gap-default\">\n\t\t\t\t\t<div class=\"elementor-column elementor-col-50 elementor-top-column elementor-element elementor-element-9e47264\" data-id=\"9e47264\" data-element_type=\"column\">\n\t\t\t<div class=\"elementor-widget-wrap elementor-element-populated\">\n\t\t\t\t\t\t<div class=\"elementor-element elementor-element-eb5c8e9 elementor-widget elementor-widget-image\" data-id=\"eb5c8e9\" data-element_type=\"widget\" data-widget_type=\"image.default\">\n\t\t\t\t<div class=\"elementor-widget-container\">\n\t\t\t\t\t\t\t\t\t\t\t\t\t<img fetchpriority=\"high\" decoding=\"async\" width=\"682\" height=\"1024\" src=\"http:\/\/www.germanfarias.com\/wp-content\/uploads\/2024\/06\/foto-cv-2560-pixel-682x1024.jpg\" class=\"elementor-animation-bob attachment-large size-large wp-image-1611\" alt=\"\" srcset=\"http:\/\/www.germanfarias.com\/wp-content\/uploads\/2024\/06\/foto-cv-2560-pixel-682x1024.jpg 682w, http:\/\/www.germanfarias.com\/wp-content\/uploads\/2024\/06\/foto-cv-2560-pixel-200x300.jpg 200w, http:\/\/www.germanfarias.com\/wp-content\/uploads\/2024\/06\/foto-cv-2560-pixel-768x1152.jpg 768w, http:\/\/www.germanfarias.com\/wp-content\/uploads\/2024\/06\/foto-cv-2560-pixel-1024x1536.jpg 1024w, http:\/\/www.germanfarias.com\/wp-content\/uploads\/2024\/06\/foto-cv-2560-pixel-1365x2048.jpg 1365w, http:\/\/www.germanfarias.com\/wp-content\/uploads\/2024\/06\/foto-cv-2560-pixel-scaled.jpg 1706w\" sizes=\"(max-width: 682px) 100vw, 682px\" \/>\t\t\t\t\t\t\t\t\t\t\t\t\t<\/div>\n\t\t\t\t<\/div>\n\t\t\t\t<div class=\"elementor-element elementor-element-cff9650 elementor-widget elementor-widget-text-editor\" data-id=\"cff9650\" data-element_type=\"widget\" data-widget_type=\"text-editor.default\">\n\t\t\t\t<div class=\"elementor-widget-container\">\n\t\t\t\t\t\t\t<p><span style=\"font-style: normal; caret-color: #000000; color: #000000; font-size: medium;\">\u00abThe only way to truly change the world is through culture.\u00bb<\/span><\/p>\t\t\t\t\t\t<\/div>\n\t\t\t\t<\/div>\n\t\t\t\t\t<\/div>\n\t\t<\/div>\n\t\t\t\t<div class=\"elementor-column elementor-col-50 elementor-top-column elementor-element elementor-element-b70feff\" data-id=\"b70feff\" data-element_type=\"column\">\n\t\t\t<div class=\"elementor-widget-wrap elementor-element-populated\">\n\t\t\t\t\t\t<section class=\"elementor-section elementor-inner-section elementor-element elementor-element-8fcf17a elementor-section-boxed elementor-section-height-default elementor-section-height-default\" data-id=\"8fcf17a\" data-element_type=\"section\">\n\t\t\t\t\t\t<div class=\"elementor-container elementor-column-gap-default\">\n\t\t\t\t\t<div class=\"elementor-column elementor-col-100 elementor-inner-column elementor-element elementor-element-6dfcad0\" data-id=\"6dfcad0\" data-element_type=\"column\">\n\t\t\t<div class=\"elementor-widget-wrap elementor-element-populated\">\n\t\t\t\t\t\t<div class=\"elementor-element elementor-element-49be349 elementor-widget elementor-widget-heading\" data-id=\"49be349\" data-element_type=\"widget\" data-widget_type=\"heading.default\">\n\t\t\t\t<div class=\"elementor-widget-container\">\n\t\t\t<h1 class=\"elementor-heading-title elementor-size-default\">About Me<\/h1>\t\t<\/div>\n\t\t\t\t<\/div>\n\t\t\t\t<div class=\"elementor-element elementor-element-87a508a elementor-widget elementor-widget-text-editor\" data-id=\"87a508a\" data-element_type=\"widget\" data-widget_type=\"text-editor.default\">\n\t\t\t\t<div class=\"elementor-widget-container\">\n\t\t\t\t\t\t\t<p>Germ\u00e1n Far\u00edas (Argentina, 1987) is a dancer, teacher, and choreographer, based in Germany. He began his dance training at an early age through Argentine folklore, an experience that deeply shaped his interest in movement as an artistic and expressive practice. He received professional training in contemporary dance at the Teatro San Mart\u00edn in Buenos Aires and at the Julio Bocca Ballet School, supported by a scholarship from the latter.<\/p><p>He has worked as a contemporary dance teacher at the National University of San Mart\u00edn (UNSAM), where he also directed the student dance company. He has been a dancer in the Juliette Rahon Company since 2019 and has collaborated with institutions such as the Oscar Araiz Company (Buenos Aires), Leipzig Opera, Op\u00e9ra Nice M\u00e9diterran\u00e9e, Spectrum Dance Theater, CCNN Nantes, and the Julio Bocca Argentine Ballet.<\/p><p>Since 2022, he has been part of the ensemble of the Deutsches Theater G\u00f6ttingen, performing in Cabaret, Der Gro\u00dfe Gatsby, In der Einsamkeit der Baumwollfelder, and Bucket List. He also collaborates with Body Talk (M\u00fcnster), the theatrical company Titanick (KIPPPUNKT), and as part of the Belantis artists ensemble.<\/p><p>His work as a choreographer and artistic director is characterized by an interdisciplinary approach that integrates contemporary dance, theater, music, stage design, and visual languages. His artistic research focuses on embodiment, narrative construction, and the generation of intense emotional experiences, with the goal of expanding the boundaries of contemporary performance practice.<\/p>\t\t\t\t\t\t<\/div>\n\t\t\t\t<\/div>\n\t\t\t\t\t<\/div>\n\t\t<\/div>\n\t\t\t\t\t<\/div>\n\t\t<\/section>\n\t\t\t\t\t<\/div>\n\t\t<\/div>\n\t\t\t\t\t<\/div>\n\t\t<\/section>\n\t\t\t\t<\/div>\n\t\t","protected":false},"excerpt":{"rendered":"<p>\u00abThe only way to truly change the world is through culture.\u00bb About Me Germ\u00e1n Far\u00edas (Argentina, 1987) is a dancer, teacher, and choreographer, based in Germany. He began his dance training at an early age through Argentine folklore, an experience that deeply shaped his interest in movement as an artistic and expressive practice. He received [&hellip;]<\/p>\n","protected":false},"author":1,"featured_media":0,"parent":0,"menu_order":0,"comment_status":"closed","ping_status":"closed","template":"","meta":{"site-sidebar-layout":"no-sidebar","site-content-layout":"page-builder","ast-site-content-layout":"full-width-container","site-content-style":"unboxed","site-sidebar-style":"unboxed","ast-global-header-display":"","ast-banner-title-visibility":"","ast-main-header-display":"","ast-hfb-above-header-display":"","ast-hfb-below-header-display":"","ast-hfb-mobile-header-display":"","site-post-title":"disabled","ast-breadcrumbs-content":"","ast-featured-img":"disabled","footer-sml-layout":"","theme-transparent-header-meta":"disabled","adv-header-id-meta":"","stick-header-meta":"","header-above-stick-meta":"","header-main-stick-meta":"","header-below-stick-meta":"","astra-migrate-meta-layouts":"set","ast-page-background-enabled":"default","ast-page-background-meta":{"desktop":{"background-color":"","background-image":"","background-repeat":"repeat","background-position":"center center","background-size":"auto","background-attachment":"scroll","background-type":"","background-media":"","overlay-type":"","overlay-color":"","overlay-opacity":"","overlay-gradient":""},"tablet":{"background-color":"","background-image":"","background-repeat":"repeat","background-position":"center center","background-size":"auto","background-attachment":"scroll","background-type":"","background-media":"","overlay-type":"","overlay-color":"","overlay-opacity":"","overlay-gradient":""},"mobile":{"background-color":"","background-image":"","background-repeat":"repeat","background-position":"center center","background-size":"auto","background-attachment":"scroll","background-type":"","background-media":"","overlay-type":"","overlay-color":"","overlay-opacity":"","overlay-gradient":""}},"ast-content-background-meta":{"desktop":{"background-color":"var(--ast-global-color-5)","background-image":"","background-repeat":"repeat","background-position":"center center","background-size":"auto","background-attachment":"scroll","background-type":"","background-media":"","overlay-type":"","overlay-color":"","overlay-opacity":"","overlay-gradient":""},"tablet":{"background-color":"var(--ast-global-color-5)","background-image":"","background-repeat":"repeat","background-position":"center center","background-size":"auto","background-attachment":"scroll","background-type":"","background-media":"","overlay-type":"","overlay-color":"","overlay-opacity":"","overlay-gradient":""},"mobile":{"background-color":"var(--ast-global-color-5)","background-image":"","background-repeat":"repeat","background-position":"center center","background-size":"auto","background-attachment":"scroll","background-type":"","background-media":"","overlay-type":"","overlay-color":"","overlay-opacity":"","overlay-gradient":""}},"footnotes":""},"_links":{"self":[{"href":"http:\/\/www.germanfarias.com\/index.php?rest_route=\/wp\/v2\/pages\/593"}],"collection":[{"href":"http:\/\/www.germanfarias.com\/index.php?rest_route=\/wp\/v2\/pages"}],"about":[{"href":"http:\/\/www.germanfarias.com\/index.php?rest_route=\/wp\/v2\/types\/page"}],"author":[{"embeddable":true,"href":"http:\/\/www.germanfarias.com\/index.php?rest_route=\/wp\/v2\/users\/1"}],"replies":[{"embeddable":true,"href":"http:\/\/www.germanfarias.com\/index.php?rest_route=%2Fwp%2Fv2%2Fcomments&post=593"}],"version-history":[{"count":79,"href":"http:\/\/www.germanfarias.com\/index.php?rest_route=\/wp\/v2\/pages\/593\/revisions"}],"predecessor-version":[{"id":2132,"href":"http:\/\/www.germanfarias.com\/index.php?rest_route=\/wp\/v2\/pages\/593\/revisions\/2132"}],"wp:attachment":[{"href":"http:\/\/www.germanfarias.com\/index.php?rest_route=%2Fwp%2Fv2%2Fmedia&parent=593"}],"curies":[{"name":"wp","href":"https:\/\/api.w.org\/{rel}","templated":true}]}}