{"id":1745,"date":"2024-06-29T22:26:20","date_gmt":"2024-06-29T20:26:20","guid":{"rendered":"https:\/\/www.germanfarias.com\/?page_id=1745"},"modified":"2026-03-06T14:07:45","modified_gmt":"2026-03-06T13:07:45","slug":"compania-2","status":"publish","type":"page","link":"https:\/\/www.germanfarias.com\/?page_id=1745","title":{"rendered":"Compa\u00f1\u00eda"},"content":{"rendered":"\t\t<div data-elementor-type=\"wp-page\" data-elementor-id=\"1745\" class=\"elementor elementor-1745\">\n\t\t\t\t\t\t<section class=\"elementor-section elementor-top-section elementor-element elementor-element-4bfa7e3 elementor-section-boxed elementor-section-height-default elementor-section-height-default\" data-id=\"4bfa7e3\" data-element_type=\"section\" data-settings=\"{&quot;background_background&quot;:&quot;video&quot;,&quot;background_video_link&quot;:&quot;https:\\\/\\\/www.youtube.com\\\/watch?v=FLxTKt21VuU&quot;,&quot;background_video_start&quot;:347,&quot;background_video_end&quot;:385,&quot;background_play_on_mobile&quot;:&quot;yes&quot;}\">\n\t\t\t\t\t\t\t\t<div class=\"elementor-background-video-container\">\n\t\t\t\t\t\t\t\t\t\t\t\t\t<div class=\"elementor-background-video-embed\"><\/div>\n\t\t\t\t\t\t\t\t\t\t\t\t<\/div>\n\t\t\t\t\t\t\t\t<div class=\"elementor-container elementor-column-gap-default\">\n\t\t\t\t\t<div class=\"elementor-column elementor-col-100 elementor-top-column elementor-element elementor-element-7e432f4\" data-id=\"7e432f4\" data-element_type=\"column\">\n\t\t\t<div class=\"elementor-widget-wrap\">\n\t\t\t\t\t\t\t<\/div>\n\t\t<\/div>\n\t\t\t\t\t<\/div>\n\t\t<\/section>\n\t\t\t\t<section class=\"elementor-section elementor-top-section elementor-element elementor-element-d2845d4 elementor-section-boxed elementor-section-height-default elementor-section-height-default\" data-id=\"d2845d4\" data-element_type=\"section\" data-settings=\"{&quot;background_background&quot;:&quot;slideshow&quot;,&quot;background_slideshow_gallery&quot;:[{&quot;id&quot;:1237,&quot;url&quot;:&quot;http:\\\/\\\/www.germanfarias.com\\\/wp-content\\\/uploads\\\/2023\\\/03\\\/IMG_2237-scaled.jpg&quot;}],&quot;background_slideshow_loop&quot;:&quot;yes&quot;,&quot;background_slideshow_slide_duration&quot;:5000,&quot;background_slideshow_slide_transition&quot;:&quot;fade&quot;,&quot;background_slideshow_transition_duration&quot;:500}\">\n\t\t\t\t\t\t<div class=\"elementor-container elementor-column-gap-default\">\n\t\t\t\t\t<div class=\"elementor-column elementor-col-100 elementor-top-column elementor-element elementor-element-3d7d5f4\" data-id=\"3d7d5f4\" data-element_type=\"column\">\n\t\t\t<div class=\"elementor-widget-wrap\">\n\t\t\t\t\t\t\t<\/div>\n\t\t<\/div>\n\t\t\t\t\t<\/div>\n\t\t<\/section>\n\t\t\t\t<section class=\"elementor-section elementor-top-section elementor-element elementor-element-ea3d568 elementor-section-boxed elementor-section-height-default elementor-section-height-default\" data-id=\"ea3d568\" data-element_type=\"section\">\n\t\t\t\t\t\t<div class=\"elementor-container elementor-column-gap-default\">\n\t\t\t\t\t<div class=\"elementor-column elementor-col-100 elementor-top-column elementor-element elementor-element-a885963\" data-id=\"a885963\" data-element_type=\"column\">\n\t\t\t<div class=\"elementor-widget-wrap elementor-element-populated\">\n\t\t\t\t\t\t<div class=\"elementor-element elementor-element-d436784 elementor-widget elementor-widget-text-editor\" data-id=\"d436784\" data-element_type=\"widget\" data-widget_type=\"text-editor.default\">\n\t\t\t\t<div class=\"elementor-widget-container\">\n\t\t\t\t\t\t\t<h2 style=\"text-align: center;\">Compa\u00f1\u00eda<\/h2><p><strong>Director: Germ\u00e1n Far\u00edas<\/strong><\/p><p><strong>Synopsis:<\/strong><br \/>In \u00abCompa\u00f1\u00eda,\u00bb a young choreographer invites an experienced performer to collaborate on creating a dance piece that explores the fusion of two different times and perspectives. This poignant stage encounter delves into the delicate balance between playfulness and seriousness, exploring the laws that govern us and evoking fading nostalgia. Through contemporary dance, original music, and meticulous stage design, \u00abCompa\u00f1\u00eda\u00bb captures the fleeting essence of time and the complexities of human relationships. The piece invites the audience to reflect on the convergence of generations, universal emotions, and the enduring power of art to transcend temporal boundaries.<\/p><p><strong>Objectives and Motivation:<\/strong><br \/>\u00abCompa\u00f1\u00eda\u00bb aims to explore the complexity of collaboration between a choreographer and an experienced performer, as well as the convergence of different eras and artistic sensibilities. The work seeks to capture the ephemeral essence of time and human emotions through dance, original music, and meticulous stage design.<\/p><p><strong>Artistic and Cultural Impact:<\/strong><br \/>This project stands out for its ability to challenge conventional perceptions of art and creative collaboration. \u00abCompa\u00f1\u00eda\u00bb offers a profound and reflective theatrical experience, inviting the audience to contemplate the interaction between past and present, memory and forgetfulness, through a visually evocative and emotionally resonant narrative.<\/p><p><strong>Future Vision:<\/strong><br \/>\u00abCompa\u00f1\u00eda\u00bb aims to continue captivating audiences and expanding its influence nationally and internationally, promoting an ongoing dialogue on innovation in contemporary dance and artistic collaboration.<\/p><p>\u00a0<\/p><p style=\"text-align: right;\"><strong><span style=\"font-size: 18px; font-style: normal;\">Creative Team:<\/span><\/strong><br \/><span style=\"font-size: 18px; font-style: normal;\"><strong>&#8211; Performers:<\/strong> Germ\u00e1n Far\u00edas, Miguel \u00c1ngel El\u00edas<\/span><br \/><span style=\"font-size: 18px; font-style: normal;\"><strong>&#8211; Assistant Director:<\/strong> Oscar Far\u00edas<\/span><br \/><span style=\"font-size: 18px; font-style: normal;\"><strong>&#8211; Assistant and Partner:<\/strong> Sergio Villalba<\/span><br \/><span style=\"font-size: 18px; font-style: normal;\"><strong>&#8211; Original Music:<\/strong> Cecilia El\u00edas<\/span><br \/><span style=\"font-size: 18px; font-style: normal;\"><strong>&#8211; Lighting Design:<\/strong> Martin Patlis<\/span><br \/><span style=\"font-size: 18px; font-style: normal;\"><strong>&#8211; Costume and Set Design:<\/strong>\u00a0Alicia Lavenia<\/span><br \/><span style=\"font-size: 18px; font-style: normal;\"><strong>&#8211; Awards and Recognitions:<\/strong>\u00a0Winner of the \u00abYoung Choreographers\u00bb festival<\/span><\/p><p>\u00a0<\/p><p>Link:<\/p><p>Magazines and Newspapers:<\/p><p><a href=\"https:\/\/caminandobaires.blogspot.com\/2015\/10\/cc-ricardo-rojas-dos-nuevas-propuestas.html\"><b>https:\/\/caminandobaires.blogspot.com\/2015\/10\/cc-ricardo-rojas-dos-nuevas-propuestas.html<\/b><\/a><\/p><p><a href=\"https:\/\/www.uba.ar\/noticiasuba\/nota.php?id=1399\"><b>https:\/\/www.uba.ar\/noticiasuba\/nota.php?id=1399<\/b><\/a><\/p>\t\t\t\t\t\t<\/div>\n\t\t\t\t<\/div>\n\t\t\t\t\t<\/div>\n\t\t<\/div>\n\t\t\t\t\t<\/div>\n\t\t<\/section>\n\t\t\t\t<section class=\"elementor-section elementor-top-section elementor-element elementor-element-c95a60f elementor-section-boxed elementor-section-height-default elementor-section-height-default\" data-id=\"c95a60f\" data-element_type=\"section\">\n\t\t\t\t\t\t<div class=\"elementor-container elementor-column-gap-default\">\n\t\t\t\t\t<div class=\"elementor-column elementor-col-100 elementor-top-column elementor-element elementor-element-9089761\" data-id=\"9089761\" data-element_type=\"column\">\n\t\t\t<div class=\"elementor-widget-wrap elementor-element-populated\">\n\t\t\t\t\t\t<div class=\"elementor-element elementor-element-b886ec7 elementor-widget elementor-widget-video\" data-id=\"b886ec7\" data-element_type=\"widget\" data-settings=\"{&quot;youtube_url&quot;:&quot;https:\\\/\\\/www.youtube.com\\\/watch?v=_srTuUcWUuE&quot;,&quot;video_type&quot;:&quot;youtube&quot;,&quot;controls&quot;:&quot;yes&quot;}\" data-widget_type=\"video.default\">\n\t\t\t\t<div class=\"elementor-widget-container\">\n\t\t\t\t\t<div class=\"elementor-wrapper elementor-open-inline\">\n\t\t\t<div class=\"elementor-video\"><\/div>\t\t<\/div>\n\t\t\t\t<\/div>\n\t\t\t\t<\/div>\n\t\t\t\t\t<\/div>\n\t\t<\/div>\n\t\t\t\t\t<\/div>\n\t\t<\/section>\n\t\t\t\t<section class=\"elementor-section elementor-top-section elementor-element elementor-element-a332b7c elementor-section-boxed elementor-section-height-default elementor-section-height-default\" data-id=\"a332b7c\" data-element_type=\"section\">\n\t\t\t\t\t\t<div class=\"elementor-container elementor-column-gap-default\">\n\t\t\t\t\t<div class=\"elementor-column elementor-col-50 elementor-top-column elementor-element elementor-element-8773ba2\" data-id=\"8773ba2\" data-element_type=\"column\">\n\t\t\t<div class=\"elementor-widget-wrap elementor-element-populated\">\n\t\t\t\t\t\t<div class=\"elementor-element elementor-element-c11d012 elementor-widget elementor-widget-image\" data-id=\"c11d012\" data-element_type=\"widget\" data-widget_type=\"image.default\">\n\t\t\t\t<div class=\"elementor-widget-container\">\n\t\t\t\t\t\t\t\t\t\t\t\t\t<img fetchpriority=\"high\" decoding=\"async\" width=\"1024\" height=\"682\" src=\"https:\/\/www.germanfarias.com\/wp-content\/uploads\/2023\/03\/MG_0065-1024x682.jpg\" class=\"attachment-large size-large wp-image-1338\" alt=\"\" srcset=\"https:\/\/www.germanfarias.com\/wp-content\/uploads\/2023\/03\/MG_0065-1024x682.jpg 1024w, https:\/\/www.germanfarias.com\/wp-content\/uploads\/2023\/03\/MG_0065-300x200.jpg 300w, https:\/\/www.germanfarias.com\/wp-content\/uploads\/2023\/03\/MG_0065-768x512.jpg 768w, https:\/\/www.germanfarias.com\/wp-content\/uploads\/2023\/03\/MG_0065-600x400.jpg 600w, https:\/\/www.germanfarias.com\/wp-content\/uploads\/2023\/03\/MG_0065.jpg 1400w\" sizes=\"(max-width: 1024px) 100vw, 1024px\" \/>\t\t\t\t\t\t\t\t\t\t\t\t\t<\/div>\n\t\t\t\t<\/div>\n\t\t\t\t<div class=\"elementor-element elementor-element-8da0172 elementor-widget elementor-widget-image\" data-id=\"8da0172\" data-element_type=\"widget\" data-widget_type=\"image.default\">\n\t\t\t\t<div class=\"elementor-widget-container\">\n\t\t\t\t\t\t\t\t\t\t\t\t\t<img decoding=\"async\" width=\"1024\" height=\"682\" src=\"https:\/\/www.germanfarias.com\/wp-content\/uploads\/2023\/03\/MG_0097-1024x682.jpg\" class=\"attachment-large size-large wp-image-1340\" alt=\"\" srcset=\"https:\/\/www.germanfarias.com\/wp-content\/uploads\/2023\/03\/MG_0097-1024x682.jpg 1024w, https:\/\/www.germanfarias.com\/wp-content\/uploads\/2023\/03\/MG_0097-300x200.jpg 300w, https:\/\/www.germanfarias.com\/wp-content\/uploads\/2023\/03\/MG_0097-768x512.jpg 768w, https:\/\/www.germanfarias.com\/wp-content\/uploads\/2023\/03\/MG_0097-600x400.jpg 600w, https:\/\/www.germanfarias.com\/wp-content\/uploads\/2023\/03\/MG_0097.jpg 1400w\" sizes=\"(max-width: 1024px) 100vw, 1024px\" \/>\t\t\t\t\t\t\t\t\t\t\t\t\t<\/div>\n\t\t\t\t<\/div>\n\t\t\t\t\t<\/div>\n\t\t<\/div>\n\t\t\t\t<div class=\"elementor-column elementor-col-50 elementor-top-column elementor-element elementor-element-a931346\" data-id=\"a931346\" data-element_type=\"column\">\n\t\t\t<div class=\"elementor-widget-wrap elementor-element-populated\">\n\t\t\t\t\t\t<div class=\"elementor-element elementor-element-ae18e20 elementor-widget elementor-widget-image\" data-id=\"ae18e20\" data-element_type=\"widget\" data-widget_type=\"image.default\">\n\t\t\t\t<div class=\"elementor-widget-container\">\n\t\t\t\t\t\t\t\t\t\t\t\t\t<img decoding=\"async\" width=\"1024\" height=\"682\" src=\"https:\/\/www.germanfarias.com\/wp-content\/uploads\/2023\/03\/MG_0064-1024x682.jpg\" class=\"attachment-large size-large wp-image-1337\" alt=\"\" srcset=\"https:\/\/www.germanfarias.com\/wp-content\/uploads\/2023\/03\/MG_0064-1024x682.jpg 1024w, https:\/\/www.germanfarias.com\/wp-content\/uploads\/2023\/03\/MG_0064-300x200.jpg 300w, https:\/\/www.germanfarias.com\/wp-content\/uploads\/2023\/03\/MG_0064-768x512.jpg 768w, https:\/\/www.germanfarias.com\/wp-content\/uploads\/2023\/03\/MG_0064-600x400.jpg 600w, https:\/\/www.germanfarias.com\/wp-content\/uploads\/2023\/03\/MG_0064.jpg 1400w\" sizes=\"(max-width: 1024px) 100vw, 1024px\" \/>\t\t\t\t\t\t\t\t\t\t\t\t\t<\/div>\n\t\t\t\t<\/div>\n\t\t\t\t<div class=\"elementor-element elementor-element-cc44be9 elementor-widget elementor-widget-image\" data-id=\"cc44be9\" data-element_type=\"widget\" data-widget_type=\"image.default\">\n\t\t\t\t<div class=\"elementor-widget-container\">\n\t\t\t\t\t\t\t\t\t\t\t\t\t<img loading=\"lazy\" decoding=\"async\" width=\"1024\" height=\"682\" src=\"https:\/\/www.germanfarias.com\/wp-content\/uploads\/2023\/03\/MG_0084-1024x682.jpg\" class=\"attachment-large size-large wp-image-1339\" alt=\"\" srcset=\"https:\/\/www.germanfarias.com\/wp-content\/uploads\/2023\/03\/MG_0084-1024x682.jpg 1024w, https:\/\/www.germanfarias.com\/wp-content\/uploads\/2023\/03\/MG_0084-300x200.jpg 300w, https:\/\/www.germanfarias.com\/wp-content\/uploads\/2023\/03\/MG_0084-768x512.jpg 768w, https:\/\/www.germanfarias.com\/wp-content\/uploads\/2023\/03\/MG_0084-600x400.jpg 600w, https:\/\/www.germanfarias.com\/wp-content\/uploads\/2023\/03\/MG_0084.jpg 1400w\" sizes=\"(max-width: 1024px) 100vw, 1024px\" \/>\t\t\t\t\t\t\t\t\t\t\t\t\t<\/div>\n\t\t\t\t<\/div>\n\t\t\t\t\t<\/div>\n\t\t<\/div>\n\t\t\t\t\t<\/div>\n\t\t<\/section>\n\t\t\t\t<section class=\"elementor-section elementor-top-section elementor-element elementor-element-1b68993 elementor-section-boxed elementor-section-height-default elementor-section-height-default\" data-id=\"1b68993\" data-element_type=\"section\">\n\t\t\t\t\t\t<div class=\"elementor-container elementor-column-gap-default\">\n\t\t\t\t\t<div class=\"elementor-column elementor-col-50 elementor-top-column elementor-element elementor-element-1a6150d\" data-id=\"1a6150d\" data-element_type=\"column\">\n\t\t\t<div class=\"elementor-widget-wrap elementor-element-populated\">\n\t\t\t\t\t\t<div class=\"elementor-element elementor-element-7d284e0 elementor-widget elementor-widget-image\" data-id=\"7d284e0\" data-element_type=\"widget\" data-widget_type=\"image.default\">\n\t\t\t\t<div class=\"elementor-widget-container\">\n\t\t\t\t\t\t\t\t\t\t\t\t\t<img loading=\"lazy\" decoding=\"async\" width=\"1024\" height=\"682\" src=\"https:\/\/www.germanfarias.com\/wp-content\/uploads\/2023\/03\/MG_0040-1024x682.jpg\" class=\"attachment-large size-large wp-image-1335\" alt=\"\" srcset=\"https:\/\/www.germanfarias.com\/wp-content\/uploads\/2023\/03\/MG_0040-1024x682.jpg 1024w, https:\/\/www.germanfarias.com\/wp-content\/uploads\/2023\/03\/MG_0040-300x200.jpg 300w, https:\/\/www.germanfarias.com\/wp-content\/uploads\/2023\/03\/MG_0040-768x512.jpg 768w, https:\/\/www.germanfarias.com\/wp-content\/uploads\/2023\/03\/MG_0040-600x400.jpg 600w, https:\/\/www.germanfarias.com\/wp-content\/uploads\/2023\/03\/MG_0040.jpg 1400w\" sizes=\"(max-width: 1024px) 100vw, 1024px\" \/>\t\t\t\t\t\t\t\t\t\t\t\t\t<\/div>\n\t\t\t\t<\/div>\n\t\t\t\t\t<\/div>\n\t\t<\/div>\n\t\t\t\t<div class=\"elementor-column elementor-col-50 elementor-top-column elementor-element elementor-element-9b2b559\" data-id=\"9b2b559\" data-element_type=\"column\">\n\t\t\t<div class=\"elementor-widget-wrap elementor-element-populated\">\n\t\t\t\t\t\t<div class=\"elementor-element elementor-element-f38358e elementor-widget elementor-widget-image\" data-id=\"f38358e\" data-element_type=\"widget\" data-widget_type=\"image.default\">\n\t\t\t\t<div class=\"elementor-widget-container\">\n\t\t\t\t\t\t\t\t\t\t\t\t\t<img loading=\"lazy\" decoding=\"async\" width=\"1024\" height=\"682\" src=\"https:\/\/www.germanfarias.com\/wp-content\/uploads\/2023\/03\/MG_0055-1024x682.jpg\" class=\"attachment-large size-large wp-image-1336\" alt=\"\" srcset=\"https:\/\/www.germanfarias.com\/wp-content\/uploads\/2023\/03\/MG_0055-1024x682.jpg 1024w, https:\/\/www.germanfarias.com\/wp-content\/uploads\/2023\/03\/MG_0055-300x200.jpg 300w, https:\/\/www.germanfarias.com\/wp-content\/uploads\/2023\/03\/MG_0055-768x512.jpg 768w, https:\/\/www.germanfarias.com\/wp-content\/uploads\/2023\/03\/MG_0055-600x400.jpg 600w, https:\/\/www.germanfarias.com\/wp-content\/uploads\/2023\/03\/MG_0055.jpg 1400w\" sizes=\"(max-width: 1024px) 100vw, 1024px\" \/>\t\t\t\t\t\t\t\t\t\t\t\t\t<\/div>\n\t\t\t\t<\/div>\n\t\t\t\t\t<\/div>\n\t\t<\/div>\n\t\t\t\t\t<\/div>\n\t\t<\/section>\n\t\t\t\t<section class=\"elementor-section elementor-top-section elementor-element elementor-element-d60be24 elementor-section-boxed elementor-section-height-default elementor-section-height-default\" data-id=\"d60be24\" data-element_type=\"section\">\n\t\t\t\t\t\t<div class=\"elementor-container elementor-column-gap-default\">\n\t\t\t\t\t<div class=\"elementor-column elementor-col-100 elementor-top-column elementor-element elementor-element-5de3796\" data-id=\"5de3796\" data-element_type=\"column\">\n\t\t\t<div class=\"elementor-widget-wrap elementor-element-populated\">\n\t\t\t\t\t\t<div class=\"elementor-element elementor-element-332361c elementor-widget elementor-widget-image\" data-id=\"332361c\" data-element_type=\"widget\" data-widget_type=\"image.default\">\n\t\t\t\t<div class=\"elementor-widget-container\">\n\t\t\t\t\t\t\t\t\t\t\t\t\t<img loading=\"lazy\" decoding=\"async\" width=\"1024\" height=\"724\" src=\"https:\/\/www.germanfarias.com\/wp-content\/uploads\/2023\/03\/Compania-1024x724.jpg\" class=\"attachment-large size-large wp-image-1341\" alt=\"\" srcset=\"https:\/\/www.germanfarias.com\/wp-content\/uploads\/2023\/03\/Compania-1024x724.jpg 1024w, https:\/\/www.germanfarias.com\/wp-content\/uploads\/2023\/03\/Compania-300x212.jpg 300w, https:\/\/www.germanfarias.com\/wp-content\/uploads\/2023\/03\/Compania-768x543.jpg 768w, https:\/\/www.germanfarias.com\/wp-content\/uploads\/2023\/03\/Compania-1536x1086.jpg 1536w, https:\/\/www.germanfarias.com\/wp-content\/uploads\/2023\/03\/Compania-2048x1448.jpg 2048w, https:\/\/www.germanfarias.com\/wp-content\/uploads\/2023\/03\/Compania-600x424.jpg 600w\" sizes=\"(max-width: 1024px) 100vw, 1024px\" \/>\t\t\t\t\t\t\t\t\t\t\t\t\t<\/div>\n\t\t\t\t<\/div>\n\t\t\t\t\t<\/div>\n\t\t<\/div>\n\t\t\t\t\t<\/div>\n\t\t<\/section>\n\t\t\t\t<\/div>\n\t\t","protected":false},"excerpt":{"rendered":"<p>Compa\u00f1\u00eda Director: Germ\u00e1n Far\u00edas Synopsis:In \u00abCompa\u00f1\u00eda,\u00bb a young choreographer invites an experienced performer to collaborate on creating a dance piece that explores the fusion of two different times and perspectives. This poignant stage encounter delves into the delicate balance between playfulness and seriousness, exploring the laws that govern us and evoking fading nostalgia. Through contemporary [&hellip;]<\/p>\n","protected":false},"author":1,"featured_media":0,"parent":0,"menu_order":0,"comment_status":"closed","ping_status":"closed","template":"","meta":{"site-sidebar-layout":"no-sidebar","site-content-layout":"page-builder","ast-site-content-layout":"full-width-container","site-content-style":"default","site-sidebar-style":"default","ast-global-header-display":"","ast-banner-title-visibility":"","ast-main-header-display":"","ast-hfb-above-header-display":"","ast-hfb-below-header-display":"","ast-hfb-mobile-header-display":"","site-post-title":"disabled","ast-breadcrumbs-content":"","ast-featured-img":"disabled","footer-sml-layout":"","theme-transparent-header-meta":"","adv-header-id-meta":"","stick-header-meta":"","header-above-stick-meta":"","header-main-stick-meta":"","header-below-stick-meta":"","astra-migrate-meta-layouts":"set","ast-page-background-enabled":"default","ast-page-background-meta":{"desktop":{"background-color":"","background-image":"","background-repeat":"repeat","background-position":"center center","background-size":"auto","background-attachment":"scroll","background-type":"","background-media":"","overlay-type":"","overlay-color":"","overlay-opacity":"","overlay-gradient":""},"tablet":{"background-color":"","background-image":"","background-repeat":"repeat","background-position":"center center","background-size":"auto","background-attachment":"scroll","background-type":"","background-media":"","overlay-type":"","overlay-color":"","overlay-opacity":"","overlay-gradient":""},"mobile":{"background-color":"","background-image":"","background-repeat":"repeat","background-position":"center center","background-size":"auto","background-attachment":"scroll","background-type":"","background-media":"","overlay-type":"","overlay-color":"","overlay-opacity":"","overlay-gradient":""}},"ast-content-background-meta":{"desktop":{"background-color":"var(--ast-global-color-5)","background-image":"","background-repeat":"repeat","background-position":"center center","background-size":"auto","background-attachment":"scroll","background-type":"","background-media":"","overlay-type":"","overlay-color":"","overlay-opacity":"","overlay-gradient":""},"tablet":{"background-color":"var(--ast-global-color-5)","background-image":"","background-repeat":"repeat","background-position":"center center","background-size":"auto","background-attachment":"scroll","background-type":"","background-media":"","overlay-type":"","overlay-color":"","overlay-opacity":"","overlay-gradient":""},"mobile":{"background-color":"var(--ast-global-color-5)","background-image":"","background-repeat":"repeat","background-position":"center center","background-size":"auto","background-attachment":"scroll","background-type":"","background-media":"","overlay-type":"","overlay-color":"","overlay-opacity":"","overlay-gradient":""}},"footnotes":""},"_links":{"self":[{"href":"https:\/\/www.germanfarias.com\/index.php?rest_route=\/wp\/v2\/pages\/1745"}],"collection":[{"href":"https:\/\/www.germanfarias.com\/index.php?rest_route=\/wp\/v2\/pages"}],"about":[{"href":"https:\/\/www.germanfarias.com\/index.php?rest_route=\/wp\/v2\/types\/page"}],"author":[{"embeddable":true,"href":"https:\/\/www.germanfarias.com\/index.php?rest_route=\/wp\/v2\/users\/1"}],"replies":[{"embeddable":true,"href":"https:\/\/www.germanfarias.com\/index.php?rest_route=%2Fwp%2Fv2%2Fcomments&post=1745"}],"version-history":[{"count":46,"href":"https:\/\/www.germanfarias.com\/index.php?rest_route=\/wp\/v2\/pages\/1745\/revisions"}],"predecessor-version":[{"id":2169,"href":"https:\/\/www.germanfarias.com\/index.php?rest_route=\/wp\/v2\/pages\/1745\/revisions\/2169"}],"wp:attachment":[{"href":"https:\/\/www.germanfarias.com\/index.php?rest_route=%2Fwp%2Fv2%2Fmedia&parent=1745"}],"curies":[{"name":"wp","href":"https:\/\/api.w.org\/{rel}","templated":true}]}}